{"id":16,"date":"2020-01-29T21:03:58","date_gmt":"2020-01-29T20:03:58","guid":{"rendered":"http:\/\/tcvp2.donbosco-tahiti.pf\/?page_id=16"},"modified":"2020-02-07T00:45:30","modified_gmt":"2020-02-06T23:45:30","slug":"tahitipose","status":"publish","type":"page","link":"https:\/\/tcvp2.donbosco-tahiti.pf\/index.php\/tahitipose\/","title":{"rendered":"Tahiti Pose"},"content":{"rendered":"<p>Nos projets \u00a0 \u00a0\u00a0 Contact \u00a0 \u00a0\u00a0 Accueil \u00a0 \u00a0 Nos piscines<\/p>\n\n\n<figure class=\"wp-block-image size-large is-resized\"><img loading=\"lazy\" src=\"https:\/\/tcvp2.donbosco-tahiti.pf\/wp-content\/uploads\/2020\/01\/piscine-debordement-2.jpg\" alt=\"\" class=\"wp-image-19\" width=\"684\" height=\"343\" srcset=\"https:\/\/tcvp2.donbosco-tahiti.pf\/wp-content\/uploads\/2020\/01\/piscine-debordement-2.jpg 650w, https:\/\/tcvp2.donbosco-tahiti.pf\/wp-content\/uploads\/2020\/01\/piscine-debordement-2-300x150.jpg 300w\" sizes=\"(max-width: 684px) 100vw, 684px\" \/><\/figure>\n\n\n\n<p>Nos bureaux et  notre magasin sont situ\u00e9s \u00e0 Papeete, ce qui nous a permis un  d\u00e9veloppement g\u00e9ographique sur Tahiti. <br>Notre entreprise est \u00e9galement sp\u00e9cialis\u00e9e dans la <strong>r\u00e9novation et la remise aux normes techniques<\/strong> et esth\u00e9tiques de bassins existants, pour cr\u00e9er une nouvelle pi\u00e8ce \u00e0 vivre <strong>conforme aux tendances<\/strong> actuelles. <br>&nbsp;<br>Notre  \u00e9quipe compos\u00e9e de techniciens, de commerciaux est \u00e0 votre disposition  afin de vous garantir un meilleur service et un suivi de vos  installations. Fort de notre exp\u00e9rience, nous construisons en <strong>m\u00e9thode traditionnelle<\/strong>, pour particuliers et collectivit\u00e9s, divers styles de bassins, au gr\u00e9 de vos envies.<\/p>\n\n\n\n<h2><strong>Votre sp\u00e9cialiste en construction de piscine<\/strong><\/h2>\n\n\n\n<p>Notre entreprise se charge de la <strong>construction de piscine<\/strong> et de toute r\u00e9novation. Nous construisons des piscines personnalis\u00e9es en <strong>ma\u00e7onnerie traditionnelle<\/strong>.<br>Nous fournissons et installons aussi des <strong>bassins avec une membrane en PVC<\/strong> arm\u00e9 qui assure une excellente \u00e9tanch\u00e9it\u00e9.<\/p>\n\n\n\n<h2><strong>Ce proc\u00e9d\u00e9 peur \u00eatre utilis\u00e9 pour la r\u00e9novation d&rsquo;une piscine en b\u00e9ton.<\/strong><\/h2>\n\n\n\n<p>Notre mission comprend toutes les <strong>installations indispensables<\/strong>\n au traitement de l&rsquo;eau, \u00e9lectrolyse au sel, panneau de r\u00e9gulation \nchlore et pH, UV. Tout \u00e9quipement pour piscine indispensable au bon \nfonctionnement d&rsquo;une piscine est fourni par nos soins.<\/p>\n\n\n\n<p>Nous mettons \u00e0 votre disposition un<strong> service de maintenance<\/strong> effectuant, \u00e0 votre convenance, un entretien hebdomadaire ou ponctuel et nous nous chargeons des mises en service.<\/p>\n","protected":false},"excerpt":{"rendered":"<p>Nos projets \u00a0 \u00a0\u00a0 Contact \u00a0 \u00a0\u00a0 Accueil \u00a0 \u00a0 Nos piscines Nos bureaux et notre magasin sont situ\u00e9s \u00e0 Papeete, ce qui nous a permis un d\u00e9veloppement g\u00e9ographique sur Tahiti. Notre entreprise est \u00e9galement sp\u00e9cialis\u00e9e dans la r\u00e9novation et la remise aux normes techniques et esth\u00e9tiques de bassins existants, pour cr\u00e9er une nouvelle pi\u00e8ce [&hellip;]<\/p>\n","protected":false},"author":2,"featured_media":0,"parent":0,"menu_order":1,"comment_status":"closed","ping_status":"closed","template":"templates\/template-cover.php","meta":[],"_links":{"self":[{"href":"https:\/\/tcvp2.donbosco-tahiti.pf\/index.php\/wp-json\/wp\/v2\/pages\/16"}],"collection":[{"href":"https:\/\/tcvp2.donbosco-tahiti.pf\/index.php\/wp-json\/wp\/v2\/pages"}],"about":[{"href":"https:\/\/tcvp2.donbosco-tahiti.pf\/index.php\/wp-json\/wp\/v2\/types\/page"}],"author":[{"embeddable":true,"href":"https:\/\/tcvp2.donbosco-tahiti.pf\/index.php\/wp-json\/wp\/v2\/users\/2"}],"replies":[{"embeddable":true,"href":"https:\/\/tcvp2.donbosco-tahiti.pf\/index.php\/wp-json\/wp\/v2\/comments?post=16"}],"version-history":[{"count":8,"href":"https:\/\/tcvp2.donbosco-tahiti.pf\/index.php\/wp-json\/wp\/v2\/pages\/16\/revisions"}],"predecessor-version":[{"id":36,"href":"https:\/\/tcvp2.donbosco-tahiti.pf\/index.php\/wp-json\/wp\/v2\/pages\/16\/revisions\/36"}],"wp:attachment":[{"href":"https:\/\/tcvp2.donbosco-tahiti.pf\/index.php\/wp-json\/wp\/v2\/media?parent=16"}],"curies":[{"name":"wp","href":"https:\/\/api.w.org\/{rel}","templated":true}]}}